{"id":82,"date":"2018-06-26T18:59:45","date_gmt":"2018-06-26T16:59:45","guid":{"rendered":"http:\/\/psaltery.org\/gifcc2echecs\/?page_id=82"},"modified":"2018-07-03T11:57:28","modified_gmt":"2018-07-03T09:57:28","slug":"tournois-a-venir","status":"publish","type":"page","link":"https:\/\/gifcc2echecs.fr\/index.php\/tournois-a-venir\/","title":{"rendered":"Tournois \u00e0 venir"},"content":{"rendered":"<p>Tournois d&rsquo;\u00e9t\u00e9 2018 :<\/p>\n<ul>\n<li>Saint Lo (14) : S 7\/7 &#8211; S 14\/7<\/li>\n<li>Paris : S14\/7 &#8211; S 21\/7<\/li>\n<li>Avoine (37) : S 21\/7 &#8211; D 29\/7<\/li>\n<li>Thones (74) : S 21\/7 &#8211; V 27\/7<\/li>\n<li>Championnat de France \u00e0 N\u00eemes (30) : S 18\/8 &#8211; D 26\/8<\/li>\n<li><span class=\"il\">Dieppe<\/span> (76) : S 25\/8 &#8211; S 1\/9<\/li>\n<li>Domloup (35) : S 25\/8 &#8211; D 26\/8<\/li>\n<li>Sautron (44) : V 31\/8 &#8211; D 2\/9<\/li>\n<\/ul>\n<p>A la rentr\u00e9e :<\/p>\n<ul>\n<li><a href=\"http:\/\/udmnwwf.cluster027.hosting.ovh.net\/wp-content\/uploads\/2018\/07\/Affiche-tournoi-Echecs-Gif-Chevry-30sept2018.pdf.pdf\">20\u00e8me Open de Gif :<\/a>\u00a0dimanche 30 septembre 2018<\/li>\n<\/ul>\n","protected":false},"excerpt":{"rendered":"<p>Tournois d&rsquo;\u00e9t\u00e9 2018 : Saint Lo (14) : S 7\/7 &#8211; S 14\/7 Paris : S14\/7 &#8211; S 21\/7 Avoine (37) : S 21\/7 &#8211; D 29\/7 Thones (74) : &hellip; <\/p>\n<p class=\"link-more\"><a href=\"https:\/\/gifcc2echecs.fr\/index.php\/tournois-a-venir\/\" class=\"more-link\">Continuer la lecture<span class=\"screen-reader-text\"> de &laquo;&nbsp;Tournois \u00e0 venir&nbsp;&raquo;<\/span><\/a><\/p>\n","protected":false},"author":1,"featured_media":0,"parent":0,"menu_order":0,"comment_status":"closed","ping_status":"closed","template":"","meta":{"footnotes":""},"class_list":["post-82","page","type-page","status-publish","hentry"],"_links":{"self":[{"href":"https:\/\/gifcc2echecs.fr\/index.php\/wp-json\/wp\/v2\/pages\/82","targetHints":{"allow":["GET"]}}],"collection":[{"href":"https:\/\/gifcc2echecs.fr\/index.php\/wp-json\/wp\/v2\/pages"}],"about":[{"href":"https:\/\/gifcc2echecs.fr\/index.php\/wp-json\/wp\/v2\/types\/page"}],"author":[{"embeddable":true,"href":"https:\/\/gifcc2echecs.fr\/index.php\/wp-json\/wp\/v2\/users\/1"}],"replies":[{"embeddable":true,"href":"https:\/\/gifcc2echecs.fr\/index.php\/wp-json\/wp\/v2\/comments?post=82"}],"version-history":[{"count":5,"href":"https:\/\/gifcc2echecs.fr\/index.php\/wp-json\/wp\/v2\/pages\/82\/revisions"}],"predecessor-version":[{"id":2514,"href":"https:\/\/gifcc2echecs.fr\/index.php\/wp-json\/wp\/v2\/pages\/82\/revisions\/2514"}],"wp:attachment":[{"href":"https:\/\/gifcc2echecs.fr\/index.php\/wp-json\/wp\/v2\/media?parent=82"}],"curies":[{"name":"wp","href":"https:\/\/api.w.org\/{rel}","templated":true}]}}