{"id":2646,"date":"2023-02-04T18:00:37","date_gmt":"2023-02-04T17:00:37","guid":{"rendered":"http:\/\/psaltery.org\/gifcc2echecs\/?page_id=2646"},"modified":"2025-07-01T22:05:36","modified_gmt":"2025-07-01T20:05:36","slug":"confirmation","status":"publish","type":"page","link":"https:\/\/gifcc2echecs.fr\/index.php\/confirmation\/","title":{"rendered":"Confirmation d&rsquo;inscription Open de Gif"},"content":{"rendered":"\n<p class=\"has-large-font-size\">Bravo!<\/p>\n\n\n\n<p class=\"has-large-font-size\">Vous \u00eates bien inscrit \u00e0 notre open rapide du dimanche 28 septembre 2025.<\/p>\n\n\n\n<p class=\"has-large-font-size\">Nous vous attendons entre 8h30 pour le pointage. A bient\u00f4t!<\/p>\n","protected":false},"excerpt":{"rendered":"<p>Bravo! Vous \u00eates bien inscrit \u00e0 notre open rapide du dimanche 28 septembre 2025. Nous vous attendons entre 8h30 pour le pointage. A bient\u00f4t!<\/p>\n","protected":false},"author":2,"featured_media":0,"parent":0,"menu_order":0,"comment_status":"closed","ping_status":"closed","template":"","meta":{"footnotes":""},"class_list":["post-2646","page","type-page","status-publish","hentry"],"_links":{"self":[{"href":"https:\/\/gifcc2echecs.fr\/index.php\/wp-json\/wp\/v2\/pages\/2646","targetHints":{"allow":["GET"]}}],"collection":[{"href":"https:\/\/gifcc2echecs.fr\/index.php\/wp-json\/wp\/v2\/pages"}],"about":[{"href":"https:\/\/gifcc2echecs.fr\/index.php\/wp-json\/wp\/v2\/types\/page"}],"author":[{"embeddable":true,"href":"https:\/\/gifcc2echecs.fr\/index.php\/wp-json\/wp\/v2\/users\/2"}],"replies":[{"embeddable":true,"href":"https:\/\/gifcc2echecs.fr\/index.php\/wp-json\/wp\/v2\/comments?post=2646"}],"version-history":[{"count":12,"href":"https:\/\/gifcc2echecs.fr\/index.php\/wp-json\/wp\/v2\/pages\/2646\/revisions"}],"predecessor-version":[{"id":3433,"href":"https:\/\/gifcc2echecs.fr\/index.php\/wp-json\/wp\/v2\/pages\/2646\/revisions\/3433"}],"wp:attachment":[{"href":"https:\/\/gifcc2echecs.fr\/index.php\/wp-json\/wp\/v2\/media?parent=2646"}],"curies":[{"name":"wp","href":"https:\/\/api.w.org\/{rel}","templated":true}]}}