{"id":158,"date":"2018-06-30T08:01:50","date_gmt":"2018-06-30T06:01:50","guid":{"rendered":"http:\/\/psaltery.org\/gifcc2echecs\/?page_id=158"},"modified":"2018-07-24T18:03:12","modified_gmt":"2018-07-24T16:03:12","slug":"liens-utiles","status":"publish","type":"page","link":"https:\/\/gifcc2echecs.fr\/index.php\/liens-utiles\/","title":{"rendered":"Liens Utiles"},"content":{"rendered":"<p><strong><em>Club :<\/em><\/strong><\/p>\n<ul>\n<li><a href=\"http:\/\/www.echecs.asso.fr\/ListeJoueurs.aspx?Action=JOUEURCLUBREF&amp;JrTri=Elo&amp;ClubRef=828\" target=\"_blank\" rel=\"noopener\">Nos joueurs<\/a><\/li>\n<li><a href=\"http:\/\/www.echecs.asso.fr\/ListeEquipes.aspx?ClubRef=828\" target=\"_blank\" rel=\"noopener\">Nos \u00e9quipes<\/a><\/li>\n<\/ul>\n<p><strong><em>Sites d&rsquo;\u00e9checs (jeu en ligne, entra\u00eenement, probl\u00e8mes, information) <\/em>:<\/strong><\/p>\n<ul>\n<li><a href=\"https:\/\/lichess.org\/\" target=\"_blank\" rel=\"noopener\">Lichess, site communautaire pour jouer, apprendre, s&rsquo;entra\u00eener<\/a><\/li>\n<li><a href=\"https:\/\/www.chess.com\/\" target=\"_blank\" rel=\"noopener\">Chess.com : actualit\u00e9, jeu en ligne<\/a><\/li>\n<li><a href=\"http:\/\/theweekinchess.com\/\" target=\"_blank\" rel=\"noopener\">TWIC : Daily Chess News and Games<\/a><\/li>\n<li>\n<p class=\"AHFaub\"><a href=\"https:\/\/play.google.com\/store\/apps\/details?id=com.pereira.ichess&amp;hl=fr\">iChess &#8211; Chess Puzzles\/Tactics<\/a><\/p>\n<\/li>\n<\/ul>\n<p><strong><em>Institutions <\/em>:<\/strong><\/p>\n<ul>\n<li><a href=\"http:\/\/cdje91.org\/index.php\/presentation\" target=\"_blank\" rel=\"noopener\">Le Comit\u00e9 D\u00e9partemental du Jeu d&rsquo;Echecs de l&rsquo;Essonne (CDJE91)<\/a><\/li>\n<li><a href=\"http:\/\/cdje91.org\/index.php\/presentation\" target=\"_blank\" rel=\"noopener\">L&rsquo;Ecole d&rsquo;Echecs de l&rsquo;Essonne (EEE91)<\/a><\/li>\n<li><a href=\"http:\/\/www.echecs.asso.fr\/Default.aspx\" target=\"_blank\" rel=\"noopener\">La F\u00e9d\u00e9ration Fran\u00e7aise d&rsquo;Echecs (FFE)<\/a><\/li>\n<li><a href=\"http:\/\/www.fide.com\/\" target=\"_blank\" rel=\"noopener\">La F\u00e9d\u00e9ration Internationale d&rsquo;Echecs (FIDE)<\/a><\/li>\n<li><a href=\"http:\/\/www.idf-echecs.com\/pages\/\" target=\"_blank\" rel=\"noopener\">La Ligue \u00cele de France des Echecs<\/a><\/li>\n<li><a href=\"https:\/\/ratings.fide.com\/\" target=\"_blank\" rel=\"noopener\">Le classement FIDE<\/a><\/li>\n<\/ul>\n","protected":false},"excerpt":{"rendered":"<p>Club : Nos joueurs Nos \u00e9quipes Sites d&rsquo;\u00e9checs (jeu en ligne, entra\u00eenement, probl\u00e8mes, information) : Lichess, site communautaire pour jouer, apprendre, s&rsquo;entra\u00eener Chess.com : actualit\u00e9, jeu en ligne TWIC : &hellip; <\/p>\n<p class=\"link-more\"><a href=\"https:\/\/gifcc2echecs.fr\/index.php\/liens-utiles\/\" class=\"more-link\">Continuer la lecture<span class=\"screen-reader-text\"> de &laquo;&nbsp;Liens Utiles&nbsp;&raquo;<\/span><\/a><\/p>\n","protected":false},"author":2,"featured_media":0,"parent":0,"menu_order":0,"comment_status":"closed","ping_status":"closed","template":"","meta":{"footnotes":""},"class_list":["post-158","page","type-page","status-publish","hentry"],"_links":{"self":[{"href":"https:\/\/gifcc2echecs.fr\/index.php\/wp-json\/wp\/v2\/pages\/158","targetHints":{"allow":["GET"]}}],"collection":[{"href":"https:\/\/gifcc2echecs.fr\/index.php\/wp-json\/wp\/v2\/pages"}],"about":[{"href":"https:\/\/gifcc2echecs.fr\/index.php\/wp-json\/wp\/v2\/types\/page"}],"author":[{"embeddable":true,"href":"https:\/\/gifcc2echecs.fr\/index.php\/wp-json\/wp\/v2\/users\/2"}],"replies":[{"embeddable":true,"href":"https:\/\/gifcc2echecs.fr\/index.php\/wp-json\/wp\/v2\/comments?post=158"}],"version-history":[{"count":11,"href":"https:\/\/gifcc2echecs.fr\/index.php\/wp-json\/wp\/v2\/pages\/158\/revisions"}],"predecessor-version":[{"id":343,"href":"https:\/\/gifcc2echecs.fr\/index.php\/wp-json\/wp\/v2\/pages\/158\/revisions\/343"}],"wp:attachment":[{"href":"https:\/\/gifcc2echecs.fr\/index.php\/wp-json\/wp\/v2\/media?parent=158"}],"curies":[{"name":"wp","href":"https:\/\/api.w.org\/{rel}","templated":true}]}}